{"id":1911,"date":"2020-11-23T20:56:49","date_gmt":"2020-11-24T02:56:49","guid":{"rendered":"https:\/\/santiagogalvan.com\/?page_id=1911"},"modified":"2020-11-23T21:00:53","modified_gmt":"2020-11-24T03:00:53","slug":"aviso-de-privacidad","status":"publish","type":"page","link":"https:\/\/santiagogalvan.com\/index.php\/aviso-de-privacidad\/","title":{"rendered":"Aviso de Privacidad"},"content":{"rendered":"<p>[vc_row][vc_column]    <div class=\"tinos-headingtitle\">\r\n        <div class=\"default text-left\">\r\n                                    <div class=\"txt\"><h2>Aviso de Privacidad<\/h2>\n<\/div>\r\n        <\/div>\r\n    <\/div>\r\n    [vc_column_text]<strong>RESPONSABLE DE LA PROTECCI\u00d3N DE DATOS PERSONALES<\/strong><br \/>\nEl responsable del tratamiento de sus datos personales es GALV\u00c1N RODR\u00cdGUEZ CONSULTORES, S.C., (en adelante \u201cSG&amp;C\u201d, \u201cnosotros\u201d, la \u201cFirma\u201d, \u201cel Despacho\u201d o \u201clos consultores\u201d), con domicilio fiscal en Av. V. Carranza 980, S\u00e9ptimo Piso, Colonia Centro, C.P. 78000, en la ciudad de San Luis Potos\u00ed del Estado de San Luis Potos\u00ed en M\u00e9xico. Contacto electr\u00f3nico: info@santiagogalvan.com<br \/>\nSG&amp;C utiliza procedimientos f\u00edsicos, tecnol\u00f3gicos y administrativos apropiados para proteger sus datos e informaci\u00f3n personal, que son resguardados en bases de datos controladas y con acceso limitado. No obstante la seguridad no puede estar absolutamente garantizada contra todas las amenazas. En la medida de nuestras posibilidades, el acceso a su informaci\u00f3n y datos personales queda limitada \u00fanicamente a aquellas personas que tienen una necesidad de conocerla bajo el criterio y obligaciones contractuales de SG&amp;C, a quienes se les compele a mantener la confidencialidad de dicha informaci\u00f3n. En todos los casos, \u00e9sta informaci\u00f3n y datos solo se retiene durante un periodo de tiempo en el que la informaci\u00f3n sea necesaria para cumplir con solicitudes individuales o hasta que los Usuarios pidan que la informaci\u00f3n sea eliminada.<\/p>\n<p><strong>Objetivo de la Recopilaci\u00f3n de Datos personales y tratamiento<\/strong><br \/>\nSG&amp;C siempre protege la confidencialidad y privacidad de la informaci\u00f3n que se le ha confiado. SG&amp;C est\u00e1 comprometida firmemente a proteger y utilizar adecuadamente la informaci\u00f3n personal o datos personales que se recopilen a trav\u00e9s del sitio web www.santiagogalvan.com y\/o sea proporcionada voluntariamente por los visitantes al mismo.<\/p>\n<p><strong>Datos personales obtenidos<\/strong><br \/>\nEl conjunto de datos personales que SG&amp;C obtiene de las personas que visitan su sitio web y de quienes de forma voluntaria desean proporcionarlos en dicho sitio web est\u00e1n protegidos. Al visitar nuestro sitio, navegar a trav\u00e9s del mismo y proporcionar los datos que pudieran llegar a solicit\u00e1rsele para efectos de contactar a SG&amp;C, para opinar, para registrarse a alg\u00fan servicio o para comprar alg\u00fan producto o servicio, se acepta expresamente que SG&amp;C utilice dichos datos al amparo de \u00e9ste Aviso de Privacidad, la Ley Federal de Protecci\u00f3n de Datos Personales en Posesi\u00f3n de los Particulares (LFPDPPP), su Reglamento y la legislaci\u00f3n aplicable en la materia. Cualquier uso distinto, deber\u00e1 ser consentido expl\u00edcitamente por el visitante o usuario del sitio web.<\/p>\n<p><strong>Datos personales Sensibles<\/strong><br \/>\nSG&amp;C solo recopila datos e informaci\u00f3n sensible, cuando las personas visitantes del sitio nos proporcionan voluntariamente esta informaci\u00f3n o cuando dicha informaci\u00f3n es requerida o permitida por la ley y\/o normas aplicables, para ser recopilada. La informaci\u00f3n sensible incluye origen racial o \u00e9tnico, creencias pol\u00edticas, afiliaci\u00f3n sindical, creencias religiosas, filos\u00f3ficas o creencias similares, salud f\u00edsica o mental, vida sexual o antecedentes penales.<br \/>\nSi usted no desea proporcionar su informaci\u00f3n sensible a SG&amp;C de manera totalmente voluntaria, NO la proporcione, y si lo hace, est\u00e1 consintiendo a SG&amp;C el uso de dicha informaci\u00f3n para sus fines comerciales leg\u00edtimos y el almacenamiento de dicha informaci\u00f3n en las bases de datos de SG&amp;C.<br \/>\nSi tiene alguna pregunta sobre lo aqu\u00ed se\u00f1alado por favor contacte al departamento de protecci\u00f3n de datos personales de SG&amp;C M\u00e9xico a trav\u00e9s del correo electr\u00f3nico: info@santiagogalvan.com<\/p>\n<p><strong>Recopilaci\u00f3n autom\u00e1tica de datos<\/strong><br \/>\nEn algunos casos, SG&amp;C recopila autom\u00e1ticamente ciertos tipos de informaci\u00f3n cuando usted visita nuestros sitios web y a trav\u00e9s de correos electr\u00f3nicos que podemos intercambiar. Las tecnolog\u00edas automatizadas pueden incluir el uso de registros de servidores web para recolectar :<br \/>\ndirecciones IP: n\u00famero asignado a cada computadora cada vez que accede a Internet. Sirve a las computadoras y servidores para reconocerse y comunicarse entre s\u00ed<br \/>\ncookies: pieza de texto que un sitio Web coloca en el archivo de cookies de su navegador y permite al sitio recordar qui\u00e9n es usted electr\u00f3nicamente, pero no tiene acceso ni a su direcci\u00f3n de correo electr\u00f3nico, ni nombre ni alg\u00fan otro dato personalizado. SG&amp;C s\u00f3lo utiliza cookies de acuerdo con las leyes aplicables y siempre otorga al visitante o usuario, la decisi\u00f3n sobre si acepta o no las cookies.<br \/>\nweb beacons: archivo de imagen en una p\u00e1gina web que se puede utilizar para recopilar cierta informaci\u00f3n de su computadora, como una direcci\u00f3n IP, el tiempo en el que fue visto el contenido, un tipo de navegador, y la existencia de cookies previamente establecido por el mismo servidor. SG&amp;C s\u00f3lo utiliza \u201cweb beacons\u201d de acuerdo con las leyes aplicables.<\/p>\n<p>La recopilaci\u00f3n de esta informaci\u00f3n nos permitir\u00e1 comprender mejor, y mejorar el rendimiento, la usabilidad y la eficacia del sitio web de SG&amp;C y medir la eficacia de nuestras actividades de marketing.<br \/>\nSi desea evitar que las \u201ccookies\u201d le rastreen a medida que navega por nuestros sitios, usted puede reiniciar su navegador para rechazar todas las \u201ccookies\u201d o para indicar cu\u00e1ndo se env\u00eda una \u201ccookie\u201d. No obstante, puede suceder que algunas funciones o \u00e1reas informativas de nuestro sitio pueda no funcionar correctamente si decide rechazar las \u201ccookies\u201d.<\/p>\n<p><strong>Informaci\u00f3n compartida e intercambio y transferencia de datos personales<\/strong><br \/>\nSG&amp;C no comparte informaci\u00f3n personal con terceros ni afiliados, excepto cuando sea necesario para nuestras necesidades profesionales y empresariales leg\u00edtimas, para llevar a cabo sus solicitudes, y\/o seg\u00fan lo requerido o permitido por la ley o normas profesionales.<br \/>\nEn alg\u00fan caso excepcional, SG&amp;C puede compartir informaci\u00f3n electr\u00f3nica del usuario o navegante del sitio con empresas externas o proveedores de servicios o vendedores que trabajan en nuestro nombre para ayudar a satisfacer sus peticiones. Dichas transferencias ser\u00e1n notificadas en cada uno de los Avisos de Privacidad que sean aplicables al tratamiento del que se trate.<\/p>\n<p><strong>Menores de Edad<\/strong><br \/>\nSG&amp;C de manera intencional, no tiene contenido alguno para menores de edad en raz\u00f3n a que \u00fanicamente contiene informaci\u00f3n de car\u00e1cter t\u00e9cnico profesional permitida por las leyes aplicables. Si alg\u00fan menor de edad llegara a proporcionar sus datos voluntariamente, SG&amp;C no recopilar\u00e1 dicha informaci\u00f3n y mantendr\u00e1 los algoritmos necesarios para desecharla de manera autom\u00e1tica o inclusive impedir que sea proporcionada.<\/p>\n<p><strong>Derecho del visitante o usuario<\/strong><br \/>\nUsted no est\u00e1 obligado a proporcionar absolutamente ninguna informaci\u00f3n o dato a SG&amp;C. Usted tiene la prerrogativa de configurar sus equipos de c\u00f3mputo de tal manera que impidan a SG&amp;C conocer cualquier dato electr\u00f3nico que permita a SG&amp;C alg\u00fan tipo de identificaci\u00f3n suya, en cuyo caso, quiz\u00e1 tampoco pueda tener acceso a la informaci\u00f3n p\u00fablica que se publique<br \/>\nEn SG&amp;C se solicitar\u00e1 su permiso para recabar la informaci\u00f3n que voluntariamente usted pueda llegar a proporcionar o aquella electr\u00f3nicamente recopilada por los sistemas de c\u00f3mputo para efectos estad\u00edsticos y de atenci\u00f3n a clientes o visitantes.<br \/>\nPara el caso de que estuviera suscrito a alg\u00fan tipo de publicaci\u00f3n peri\u00f3dica o no peri\u00f3dica, usted conserva su prerrogativa para darse de baja en cualquier momento adem\u00e1s de presentar una solicitud de derechos ARCO, de conformidad con este Aviso de Privacidad.<\/p>\n<p><strong>Acceso<\/strong><br \/>\nSi usted ha enviado informaci\u00f3n personal a SG&amp;C, en la mayor\u00eda de las circunstancias tiene derecho de acceso a esos datos para corregir cualquier inexactitud, bajo el estricto compromiso de no proporcionar nunca datos falsos, incompletos, incoherentes, inexactos, imprecisos o equ\u00edvocos.<br \/>\nPuede realizar una solicitud de derechos ARCO para actualizar o eliminar informaci\u00f3n sobre usted, poni\u00e9ndose en contacto con el departamento de protecci\u00f3n de datos personales de SG&amp;C M\u00e9xico a trav\u00e9s del siguiente correo electr\u00f3nico: info@santiagogalvan.com a efecto de procurar, en la medida de lo razonable y posible, el cumplir con su solicitud, siempre y cuando sea compatible con la ley aplicable, el presente Aviso y las normas profesionales.<\/p>\n<p><strong>Transferencia de Datos<\/strong><br \/>\nSG&amp;C podr\u00e1 transferir su informaci\u00f3n a:<br \/>\na) autoridades competentes;<br \/>\nb) empresas afiliadas o subsidiarias de SG&amp;C;<br \/>\nc) terceros o proveedores de productos o servicios con los que SG&amp;C haya celebrado un contrato respectivo para procurar y proteger la confidencialidad y seguridad de sus datos e informaci\u00f3n.<\/p>\n<p><strong>V\u00ednculos externos<\/strong><br \/>\nEste Aviso de Privacidad no alcanza a todos los sitios web a los que SG&amp;C o sus anunciantes, articulistas, colaboradores y en general quienes publican en el sitio, puedan vincular con enlaces externos o fuera de SG&amp;C, por lo que el usuario o visitante que desee visitar dichos sitios externos, habr\u00e1 de tomar su propia decisi\u00f3n de hacerlo y sobre su seguridad e informaci\u00f3n, consultando los correspondientes Avisos de Privacidad que puedan llegar a tener en aquellos sitios.<\/p>\n<p><strong>Derechos ARCO<\/strong><br \/>\nEn cualquier momento usted podr\u00e1 ejercer sus Derechos de Acceso, Rectificaci\u00f3n, Cancelaci\u00f3n y\/u Oposici\u00f3n (Derechos ARCO) respecto al tratamiento de su informaci\u00f3n y datos personales, ya sea por s\u00ed mismo o por medio de su representante legal.<br \/>\nDe conformidad con el art\u00edculo 29 de la LFPDPPP, podr\u00e1 enviar su solicitud de Derechos ARCO al correo electr\u00f3nico del \u00e1rea de protecci\u00f3n de datos personales de SG&amp;C: info@santiagogalvan.com, la cual deber\u00e1 contener y acompa\u00f1ar lo siguiente:<br \/>\nI. Su nombre completo y domicilio u otro medio para comunicarle la respuesta a su solicitud;<br \/>\nII. Los documentos que acrediten su identidad o, en su caso, la representaci\u00f3n legal del usted como titular de los Datos Personales;<br \/>\nIII. La descripci\u00f3n clara y precisa de los Datos Personales respecto de los que busca ejercer alguno de sus derechos ARCO, y;<br \/>\nIV. Cualquier otro elemento o documento que facilite la localizaci\u00f3n de sus Datos Personales.<\/p>\n<p><strong>Cambios a este Aviso de Privacidad<\/strong><br \/>\nEn caso de que exista alg\u00fan cambio en este Aviso de Privacidad, SG&amp;C lo har\u00e1 del conocimiento p\u00fablico a trav\u00e9s de su sitio oficial de Privacidad que se encuentra en el siguiente link: https:\/\/santiagogalvan.com\/index.php\/aviso-de-privacidad\/, para que al conocerlo, se tomen las medidas correspondientes a fin de resguardar sus derechos.<\/p>\n<p><strong>Dudas<\/strong><br \/>\nSG&amp;C se compromete a proteger la privacidad en l\u00ednea de su informaci\u00f3n personal. Si tiene preguntas o comentarios acerca de nuestra administraci\u00f3n de su informaci\u00f3n de identificaci\u00f3n personal, por favor cont\u00e1ctenos a info@santiagogalvan.com[\/vc_column_text][\/vc_column][\/vc_row]<\/p>\n","protected":false},"excerpt":{"rendered":"<p>[vc_row][vc_column][vc_column_text]RESPONSABLE DE LA PROTECCI\u00d3N DE DATOS PERSONALES El responsable del tratamiento de sus datos personales es GALV\u00c1N RODR\u00cdGUEZ CONSULTORES, S.C., (en adelante \u201cSG&amp;C\u201d, \u201cnosotros\u201d, la \u201cFirma\u201d, \u201cel Despacho\u201d o \u201clos consultores\u201d), con domicilio fiscal en Av. V. Carranza 980, S\u00e9ptimo Piso, Colonia Centro, C.P. 78000, en la ciudad de San Luis Potos\u00ed del Estado de [&hellip;]<\/p>\n","protected":false},"author":1,"featured_media":0,"parent":0,"menu_order":0,"comment_status":"closed","ping_status":"closed","template":"","meta":[],"_links":{"self":[{"href":"https:\/\/santiagogalvan.com\/index.php\/wp-json\/wp\/v2\/pages\/1911"}],"collection":[{"href":"https:\/\/santiagogalvan.com\/index.php\/wp-json\/wp\/v2\/pages"}],"about":[{"href":"https:\/\/santiagogalvan.com\/index.php\/wp-json\/wp\/v2\/types\/page"}],"author":[{"embeddable":true,"href":"https:\/\/santiagogalvan.com\/index.php\/wp-json\/wp\/v2\/users\/1"}],"replies":[{"embeddable":true,"href":"https:\/\/santiagogalvan.com\/index.php\/wp-json\/wp\/v2\/comments?post=1911"}],"version-history":[{"count":2,"href":"https:\/\/santiagogalvan.com\/index.php\/wp-json\/wp\/v2\/pages\/1911\/revisions"}],"predecessor-version":[{"id":1914,"href":"https:\/\/santiagogalvan.com\/index.php\/wp-json\/wp\/v2\/pages\/1911\/revisions\/1914"}],"wp:attachment":[{"href":"https:\/\/santiagogalvan.com\/index.php\/wp-json\/wp\/v2\/media?parent=1911"}],"curies":[{"name":"wp","href":"https:\/\/api.w.org\/{rel}","templated":true}]}}